{"id":10,"date":"2012-06-22T21:05:21","date_gmt":"2012-06-22T19:05:21","guid":{"rendered":"http:\/\/upasika.de\/wp\/?page_id=10"},"modified":"2024-01-07T21:23:00","modified_gmt":"2024-01-07T20:23:00","slug":"biographisches","status":"publish","type":"page","link":"https:\/\/upasika.de\/?page_id=10","title":{"rendered":"Biografie"},"content":{"rendered":"<p><span style=\"color: #000000;\"><strong><em><a href=\"https:\/\/upasika.de\/wp-content\/uploads\/2012\/06\/Boot-IMG_4328.jpg\"><br \/>\n<\/a><\/em><\/strong><\/span><span style=\"color: #000000;\"><strong><em>Lebhafte Kindheitserinnerungen vom ersten Lebensjahr an, mediale Erfahrungen seit dem vierten Lebensjahr. Zwei Universit\u00e4tsabschl\u00fcsse (G\u00f6ttingen 1972 und Hagen 2014). Meditierende Redakteurin in Tageszeitungen, Art Direktorin in Istanbul. Seminare, Vortr\u00e4ge, Ver\u00f6ffentlichungen. \u00a0Ausgedehnte Reisen und Arbeiten in Europa, T\u00fcrkei, USA, Mittel- und S\u00fcdamerika, Indien, Asien, China, Nordafrika, Bali &#8211; und vergn\u00fcgtes Schippern auf vielen Gew\u00e4ssern. Spirituelles Landleben in den USA und Einkehr in Indien. Dort neues Tarot entwickelt: Namen und Konzept der Bildkarten vom Osho Zen Tarot, basierend auf 30 Jahren pers\u00f6nlicher Einsichten und eigener Interpretationen in der Arbeit mit Rider-White Tarotkarten, vielen Psychic Sessions und tiefer Meditation. Als Medium professionelle Beratungen und Coaching \u00a0seit 1985. Lebt in Berlin. \u00a0Zweite Ehe seit 2000, eine Tochter mit Enkelin und Schwiegersohn und gro\u00dfe Patchworkfamilie mit meinem Mann.<\/em><\/strong><\/span><\/p>\n<p><a href=\"https:\/\/upasika.de\/wp-content\/uploads\/2012\/06\/IMG_4573.jpeg\"><img loading=\"lazy\" decoding=\"async\" class=\"aligncenter wp-image-719\" src=\"https:\/\/upasika.de\/wp-content\/uploads\/2012\/06\/IMG_4573-1024x683.jpeg\" alt=\"\" width=\"551\" height=\"368\" srcset=\"https:\/\/upasika.de\/wp-content\/uploads\/2012\/06\/IMG_4573-1024x683.jpeg 1024w, https:\/\/upasika.de\/wp-content\/uploads\/2012\/06\/IMG_4573-300x200.jpeg 300w, https:\/\/upasika.de\/wp-content\/uploads\/2012\/06\/IMG_4573-768x512.jpeg 768w\" sizes=\"(max-width: 551px) 100vw, 551px\" \/><\/a>\u00a0 \u00a0 \u00a0 \u00a0 \u00a0 \u00a0 \u00a0 \u00a0 \u00a0 \u00a0 \u00a0 \u00a0 2020<\/p>\n<p style=\"text-align: left;\"><em><strong>Vivid childhood memories from the first year of life, media experiences from the fourth year of life. Two university degrees (G\u00f6ttingen 1972 and Hagen 2014). Meditating editor in daily newspapers, art director in Istanbul. Seminars, lectures, publications. Extensive travel and work in Europe, Turkey, USA, Central and South America, India, Asia, China, North Africa, Bali &#8211; and happy cruising on many waters. Spiritual country life in the USA and retreat in India. There a new tarot developed: Name and concept of the picture cards from Osho Zen Tarot, based on 30 years of personal insights and own interpretations in working with Rider-White tarot cards, many psychic sessions and deep meditation. Professional consulting and coaching as a medium since 1985. Lives in Berlin. Second marriage since 2000, my daughter with her family and large blended family with my husband.<\/strong><\/em><\/p>\n","protected":false},"excerpt":{"rendered":"<p>Lebhafte Kindheitserinnerungen vom ersten Lebensjahr an, mediale Erfahrungen seit dem vierten Lebensjahr. Zwei Universit\u00e4tsabschl\u00fcsse (G\u00f6ttingen 1972 und Hagen 2014). Meditierende Redakteurin in Tageszeitungen, Art Direktorin in Istanbul. Seminare, Vortr\u00e4ge, Ver\u00f6ffentlichungen. \u00a0Ausgedehnte Reisen und Arbeiten in Europa, T\u00fcrkei, USA, Mittel- und S\u00fcdamerika, Indien, Asien, China, Nordafrika, Bali &#8211; und vergn\u00fcgtes Schippern auf vielen Gew\u00e4ssern. Spirituelles Landleben [&hellip;]<\/p>\n","protected":false},"author":1,"featured_media":0,"parent":0,"menu_order":4,"comment_status":"closed","ping_status":"closed","template":"","meta":{"spay_email":"","footnotes":""},"_links":{"self":[{"href":"https:\/\/upasika.de\/index.php?rest_route=\/wp\/v2\/pages\/10"}],"collection":[{"href":"https:\/\/upasika.de\/index.php?rest_route=\/wp\/v2\/pages"}],"about":[{"href":"https:\/\/upasika.de\/index.php?rest_route=\/wp\/v2\/types\/page"}],"author":[{"embeddable":true,"href":"https:\/\/upasika.de\/index.php?rest_route=\/wp\/v2\/users\/1"}],"replies":[{"embeddable":true,"href":"https:\/\/upasika.de\/index.php?rest_route=%2Fwp%2Fv2%2Fcomments&post=10"}],"version-history":[{"count":115,"href":"https:\/\/upasika.de\/index.php?rest_route=\/wp\/v2\/pages\/10\/revisions"}],"predecessor-version":[{"id":968,"href":"https:\/\/upasika.de\/index.php?rest_route=\/wp\/v2\/pages\/10\/revisions\/968"}],"wp:attachment":[{"href":"https:\/\/upasika.de\/index.php?rest_route=%2Fwp%2Fv2%2Fmedia&parent=10"}],"curies":[{"name":"wp","href":"https:\/\/api.w.org\/{rel}","templated":true}]}}