{"id":319,"date":"2012-06-23T12:37:17","date_gmt":"2012-06-23T10:37:17","guid":{"rendered":"http:\/\/upasika.de\/wp\/?page_id=319"},"modified":"2024-01-08T10:00:48","modified_gmt":"2024-01-08T09:00:48","slug":"319-2","status":"publish","type":"page","link":"https:\/\/upasika.de\/?page_id=319","title":{"rendered":"Mediale Beratung * Supervision *               Counseling + Coaching"},"content":{"rendered":"\n<p><\/p>\n\n\n<h2 style=\"text-align: center;\"><strong><i><span style=\"color: #0000ff;\"><span style=\"caret-color: #0000ff;\">Vergangenheit, <\/span>Gegenwart, Zukunft<\/span><\/i><\/strong><i><\/i><\/h2>\n<ul>\n<li><i><strong><span style=\"color: #3366ff;\">Vergangenheit<\/span>:<\/strong> Verborgenes \u00f6ffnen und verstehen<\/i><\/li>\n<li><i><\/i><i><strong><span style=\"color: #3366ff;\">Gegenwart<\/span>:<\/strong> Pers\u00f6nliche Situation im sozialen Kontext kl\u00e4ren, Probleme mutig angehen<\/i><\/li>\n<li><i><strong><span style=\"color: #3366ff;\">Zukunft<\/span>:<\/strong> Zukunftsf\u00e4higkeit eigener Visionen, unterschiedliche Entwicklungen \u00a0 \u00a0 \u00a0 \u00a0 \u00a0 \u00a0 \u00a0 \u00a0 \u00a0 \u00a0 \u00a0 \u00a0 \u00a0 \u00a0 \u00a0 \u00a0 \u00a0 \u00a0 \u00a0 \u00a0 \u00a0 \u00a0 \u00a0 \u00a0 <span class=\"Apple-converted-space\">\u00a0<\/span><\/i><\/li>\n<li><i><\/i><i><span style=\"color: #3366ff;\"><strong>Space:<\/strong><\/span> Eigene Intuition und Spiritualit\u00e4t\u00a0<\/i><\/li>\n<\/ul>\n<h5><strong><i>Meine medialen Wahrnehmungen sind multimedial, <\/i><i>oft \u00e4hnlich Filmen, etwas unscharf, farbig, <\/i><i>Bilder, Ger\u00fcche, Worte, Empfindungen &#8211; psychische, physische Wahrnehmungen &#8211; und nein: ich habe keine Kristallkugel\u00a0<\/i><\/strong><\/h5>\n<p><strong><img loading=\"lazy\" decoding=\"async\" class=\"alignleft size-medium wp-image-528\" src=\"https:\/\/upasika.de\/wp-content\/uploads\/2012\/06\/angle02.jpg\" alt=\"angle02\" width=\"280\" height=\"188\" \/><\/strong><\/p>\n<p><span style=\"color: #0000ff;\"><strong><i><\/i><i>Understanding the past<\/i><\/strong><\/span><\/p>\n<p><span style=\"color: #0000ff;\"><strong><i>Clearing the present<\/i><\/strong><\/span><\/p>\n<p><span style=\"color: #0000ff;\"><strong><i>Creating visions for tomorrow<\/i><\/strong><\/span><\/p>\n<p><span style=\"color: #0000ff;\"><strong><em>Finding your own way to spirituality and intuition<\/em><\/strong><\/span><\/p>\n<p><i><\/i><i>\u00a0 \u00a0 \u00a0 \u00a0 \u00a0 \u00a0 \u00a0 \u00a0 \u00a0 \u00a0 \u00a0 \u00a0 \u00a0 \u00a0 \u00a0 \u00a0 \u00a0 \u00a0<span class=\"Apple-converted-space\">\u00a0<\/span><\/i><\/p>\n<h5><strong><i>My psychic perceptions are similar to movies<\/i><i> &#8211; kind of blurred, colored, pictures, smells, words, sensations &#8211; psychological, physical perceptions &#8211; Oh no, I don&#8217;t have a crystal ball<\/i><\/strong><\/h5>\n<h3 style=\"text-align: center;\"><span style=\"color: #333399;\">Buchungen \/ Bookings: \u00a0 \u00a0upasika(et)upasika.de \u00a0 \u00a0 upasika(et)gmail.com \u00a0\u00a0<\/span><\/h3>\n<h3 style=\"text-align: center;\"><span style=\"color: #333399;\">TEL:+49 30 61308344 \u00a0 Mobil: +49 171 2758560<\/span><strong style=\"font-style: italic;\">\u00a0 \u00a0 \u00a0 \u00a0 \u00a0\u00a0 \u00a0 \u00a0 \u00a0 \u00a0 \u00a0 \u00a0<\/strong><\/h3>\n<p><a href=\"https:\/\/upasika.de\/wp-content\/uploads\/2010\/01\/angle03-Flieger1.png\"><img loading=\"lazy\" decoding=\"async\" class=\"alignright size-full wp-image-79\" title=\"angle03 Flieger\" src=\"https:\/\/upasika.de\/wp-content\/uploads\/2010\/01\/angle03-Flieger1.png\" alt=\"\" width=\"457\" height=\"207\" srcset=\"https:\/\/upasika.de\/wp-content\/uploads\/2010\/01\/angle03-Flieger1.png 457w, https:\/\/upasika.de\/wp-content\/uploads\/2010\/01\/angle03-Flieger1-300x135.png 300w\" sizes=\"(max-width: 457px) 100vw, 457px\" \/><\/a><\/p>\n<p style=\"text-align: left;\"><strong><em>\u00a0Pr\u00e4senzsitzungen in Berlin, sonst \u00a0<\/em><\/strong><strong><em>per Telefon, F<\/em><\/strong><em><strong>ace Time, Skype, Zoom \u00a0 \u00a0 \u00a0 <\/strong><\/em><strong><em>\u00a0<\/em><\/strong><\/p>\n<p>Telefon: 30\/60 Minuten<br \/>Pr\u00e4senz: \u00a0 \u00a0 \u00a0 \u00a060 Minuten<br \/>Paare: \u00a0 \u00a0 \u00a0 \u00a090 Minuten<br \/>Mitschnitt der Sitzung auf Wunsch (mp3)\u00a0<\/p>\n<h4><strong><em>Groups and Sessions<\/em><\/strong><\/h4>\n<p><i style=\"font-weight: bold;\">Face-to-face session in Berlin, otherwise<\/i><i style=\"font-weight: bold;\">\u00a0by phone, F<\/i><strong><em>ace Time, Skype, ZOOM<\/em><\/strong><\/p>\n<p>Phone: 30\/60 minutes<br \/>Presence: 60 minutes<br \/>Couples: 90 minutes<br \/>Recording of the session (mp3) on request<em><span style=\"font-weight: normal;\">\u00a0 \u00a0 \u00a0 \u00a0\u00a0<\/span><\/em><\/p>\n\n\n<div class=\"wp-block-jetpack-send-a-message\">\n<div class=\"wp-block-jetpack-whatsapp-button is-color-dark has-no-text\"><a class=\"whatsapp-block__button\" href=\"https:\/\/api.whatsapp.com\/send?phone=&amp;text=Hallo%2C%20ich%20habe%20deine%20WhatsApp-Nummer%20von%20deiner%20Website.\" style=\"background-color:#25D366;color:#fff\" target=\"_self\" rel=\"noopener noreferrer\"><\/a><\/div>\n<\/div>\n\n\n\n<p><\/p>\n\n\n\n<p><\/p>\n","protected":false},"excerpt":{"rendered":"<p>Vergangenheit, Gegenwart, Zukunft Vergangenheit: Verborgenes \u00f6ffnen und verstehen Gegenwart: Pers\u00f6nliche Situation im sozialen Kontext kl\u00e4ren, Probleme mutig angehen Zukunft: Zukunftsf\u00e4higkeit eigener Visionen, unterschiedliche Entwicklungen \u00a0 \u00a0 \u00a0 \u00a0 \u00a0 \u00a0 \u00a0 \u00a0 \u00a0 \u00a0 \u00a0 \u00a0 \u00a0 \u00a0 \u00a0 \u00a0 \u00a0 \u00a0 \u00a0 \u00a0 \u00a0 \u00a0 \u00a0 \u00a0 \u00a0 Space: Eigene Intuition und Spiritualit\u00e4t\u00a0 Meine [&hellip;]<\/p>\n","protected":false},"author":1,"featured_media":0,"parent":0,"menu_order":2,"comment_status":"closed","ping_status":"closed","template":"","meta":{"spay_email":"","footnotes":""},"_links":{"self":[{"href":"https:\/\/upasika.de\/index.php?rest_route=\/wp\/v2\/pages\/319"}],"collection":[{"href":"https:\/\/upasika.de\/index.php?rest_route=\/wp\/v2\/pages"}],"about":[{"href":"https:\/\/upasika.de\/index.php?rest_route=\/wp\/v2\/types\/page"}],"author":[{"embeddable":true,"href":"https:\/\/upasika.de\/index.php?rest_route=\/wp\/v2\/users\/1"}],"replies":[{"embeddable":true,"href":"https:\/\/upasika.de\/index.php?rest_route=%2Fwp%2Fv2%2Fcomments&post=319"}],"version-history":[{"count":55,"href":"https:\/\/upasika.de\/index.php?rest_route=\/wp\/v2\/pages\/319\/revisions"}],"predecessor-version":[{"id":971,"href":"https:\/\/upasika.de\/index.php?rest_route=\/wp\/v2\/pages\/319\/revisions\/971"}],"wp:attachment":[{"href":"https:\/\/upasika.de\/index.php?rest_route=%2Fwp%2Fv2%2Fmedia&parent=319"}],"curies":[{"name":"wp","href":"https:\/\/api.w.org\/{rel}","templated":true}]}}