{"id":775,"date":"2021-11-02T22:06:27","date_gmt":"2021-11-02T21:06:27","guid":{"rendered":"http:\/\/upasika.de\/?page_id=775"},"modified":"2021-11-07T17:31:41","modified_gmt":"2021-11-07T16:31:41","slug":"datenschutzerklaerung-und-impressum","status":"publish","type":"page","link":"https:\/\/upasika.de\/?page_id=775","title":{"rendered":"Impressum, Disclaimer &#038; Datenschutz"},"content":{"rendered":"\n<h4 class=\"wp-block-heading\">Meine Webseiten dienen ausschlie\u00dflich der Information meiner Besucher. Ich pers\u00f6nlich sammele keine Daten \u00fcber diese Internetseiten. Wer mit mir in Kontakt treten m\u00f6chte, kann mich \u00fcber die angegebenen Kontaktm\u00f6glichkeiten erreichen.<\/h4>\n\n\n\n<p>Update 6. November 2021<\/p>\n\n\n\n<h2 class=\"wp-block-heading\">Impressum<\/h2>\n\n\n\n<h5 class=\"wp-block-heading\">Angaben gem\u00e4\u00df \u00a7 5 TMG<br>Jutta (Upasika) Trommsdorff-Breitenborn<br>Selbst\u00e4ndig<br>Guerickestr. 3<br>10587 Berlin<br>Kontakt<br>Telefon: 0171 2758560<br>E-Mail: upasika(at)upasika.de<br>Umsatzsteuer-ID<br>Umsatzsteuer-Identifikationsnummer gem\u00e4\u00df \u00a7 27 a Umsatzsteuergesetz:<br>13\/564\/62798<br>Verbraucherstreitbeilegung\/Universalschlichtungsstelle<br>Wir sind nicht bereit oder verpflichtet, an Streitbeilegungsverfahren vor einer<br>Verbraucherschlichtungsstelle teilzunehmen.<br>Quelle:<br>e-recht24.d<\/h5>\n\n\n\n<p><\/p>\n\n\n\n<p id=\"copyrighthinweis_all\"><strong><em>\u00a9 Copyright 2017 \u2013\u00a0<\/em>Urheberrechtshinweis<\/strong><\/p>\n\n\n\n<h5 class=\"wp-block-heading\">Die Adresse meiner Website ist: www.upasika.de<\/h5>\n\n\n\n<h5 class=\"wp-block-heading\">Alle Inhalte dieser Internetseiten, insbesondere Texte, Fotografien und Grafiken, sind urheberrechtlich gesch\u00fctzt. Das Urheberrecht liegt, soweit nicht ausdr\u00fccklich anders gekennzeichnet, bei Jutta Upasika Trommsdorff-Breitenborn. Bitte fragen Sie mich, falls Sie die Inhalte dieser Internetseiten verwenden m\u00f6chten.<\/h5>\n\n\n\n<h5 class=\"wp-block-heading\">Unter der \u201eCreative Commons\u201c-Lizenz\u201c&nbsp;ver\u00f6ffentlichte Inhalte, sind als solche gekennzeichnet. Sie d\u00fcrfen entsprechend den angegebenen Lizenzbedingungen verwendet werden.<\/h5>\n\n\n\n<h5 class=\"wp-block-heading\">Wer gegen das Urheberrecht verst\u00f6\u00dft (z.B. Bilder oder Texte unerlaubt kopiert), macht sich gem.&nbsp;<a href=\"https:\/\/dejure.org\/gesetze\/UrhG\/106.html\">\u00a7\u00a7 106 ff UrhG<\/a>&nbsp;strafbar, wird zudem kostenpflichtig abgemahnt und muss Schadensersatz leisten (<a href=\"https:\/\/dejure.org\/gesetze\/UrhG\/97.html\">\u00a7&nbsp;97 UrhG<\/a>).<\/h5>\n\n\n\n<p><\/p>\n\n\n\n<h2 class=\"wp-block-heading\">Datenschutzerkl\u00e4rung &amp; Disclaimer<\/h2>\n\n\n\n<p><strong>Datenschutzerkl\u00e4rung<\/strong><\/p>\n\n\n\n<p>Die von Jutta (Upasika) Trommsdorff-Breitenborn auf www.upasika.de (die \u201eSite\u201c) und unserer mobilen Anwendung bereitgestellten Informationen dienen ausschlie\u00dflich allgemeinen Informationszwecken. Alle Informationen auf der Website und unserer mobilen Anwendung werden in gutem Glauben bereitgestellt, jedoch geben wir keine ausdr\u00fcckliche oder stillschweigende Zusicherung oder Gew\u00e4hrleistung hinsichtlich der Genauigkeit, Angemessenheit, G\u00fcltigkeit, Zuverl\u00e4ssigkeit, Verf\u00fcgbarkeit oder Vollst\u00e4ndigkeit von Informationen auf der Website oder unserer mobile Anwendung.<\/p>\n\n\n\n<p>Unter keinen Umst\u00e4nden haften wir Ihnen gegen\u00fcber f\u00fcr Verluste oder Sch\u00e4den jeglicher Art, die durch die Nutzung der Website oder unserer mobilen Anwendung oder das Vertrauen auf die auf der Website und unserer mobilen Anwendung bereitgestellten Informationen entstehen. Ihre Nutzung der Website und unserer mobilen Anwendung sowie Ihr Vertrauen auf Informationen auf der Website und unserer mobilen Anwendung erfolgen ausschlie\u00dflich auf Ihr eigenes Risiko. Dieser&nbsp;Haftungsausschluss&nbsp;wurde mit&nbsp;Termly erstellt.<\/p>\n\n\n\n<h3 class=\"wp-block-heading\">Disclaimer<\/h3>\n\n\n\n<h6 class=\"wp-block-heading\">Copyright Rights<br>We own or license all copyright rights in the text, Images, photographs, video, audio, graphics, user interface, and other content provided on the services<br>and the selection, coordination, and arrangement of such content (whether by us or by you), to the full extent provided under the copyright laws of the<br>United States and other countries. Except as expressly provided in this Agreement, you are prohibited from copying, reproducing, modifying, distributing,<br>displaying, performing or transmitting any of the contents of the Services for any purposes, and nothing otherwise stated or implied in the Services confers<br>on you any license or right to do so.<br>You may use the Services and the contents contained in the Services solely for your own individual non-commercial and informational purposes only. Any<br>other use, including for any commercial purposes, is strictly prohibited without our express prior written consent. Systematic retrieval of data or other<br>content from the Services, whether to create or compile, directlv or indirectiv. a collection. compilation, database or director. is orohibited absent ou<br>exoress oror wtten consen<\/h6>\n\n\n\n<h5 class=\"wp-block-heading\">Last updated November 6<sup>th<\/sup>, 2021<\/h5>\n\n\n\n<h5 class=\"wp-block-heading\">Introduction<\/h5>\n\n\n\n<h5 class=\"wp-block-heading\">The information provided by Jutta (Upasika) Trommsdorff-Breitenborn on www.upasika.de (the \u201cSite\u201d) and our mobile application is for general informational purposes only. All information on the Site and our mobile application is provided in good faith, however we make no representation or warranty of any kind, express or implied, regarding the accuracy, adequacy, validity, reliability, availability or completeness of any information on the Site or our mobile application.<\/h5>\n\n\n\n<h5 class=\"wp-block-heading\">Under no circumstance shall we have any liability to you for any loss or damage of any kind incurred as a result of the use of the site or our mobile application or reliance on any information provided on the site and our mobile application. Your use of the site and our mobile application and your reliance on any information on the site and our mobile application is solely at your own risk.&nbsp;This&nbsp;disclaimer&nbsp;was created using&nbsp;Termly.<\/h5>\n\n\n\n<p><\/p>\n\n\n\n<h2 class=\"wp-block-heading\">DSGVO Deutsche Datenschutzerkl\u00e4rung<\/h2>\n\n\n\n<p><strong>1. Datenschutzerkl\u00e4rung<\/strong><\/p>\n\n\n\n<ul><li>Allgemeine Hinweise<\/li><li>Die folgenden Hinweise geben einen einfachen \u00dcberblick dar\u00fcber, was mit Ihren personenbezogenen Datenpassiert, wenn Sie diese Website besuchen. Personenbezogene Daten sind alle Daten, mit denen Sie pers\u00f6nlich identifiziert werden k\u00f6nnen. Ausf\u00fchrliche Informationen zum Thema Datenschutz entnehmen Sie unserer unter diesem Text aufgef\u00fchrten Datenschutzerkl\u00e4rung.<\/li><li>Datenerfassung auf dieser Website<\/li><li>Wer ist verantwortlich f\u00fcr die Datenerfassung auf dieser Website? Die Datenverarbeitung auf dieser Website erfolgt durch den Websitebetreiber. Dessen Kontaktdatenk\u00f6nnen Sie dem Abschnitt \u201eHinweis zur Verantwortlichen Stelle\u201c in dieser Datenschutzerkl\u00e4rung entnehmen.<\/li><li>Wie erfassen wir Ihre Daten? Ihre Daten werden zum einen dadurch erhoben, dass Sie uns diese mitteilen. Hierbei kann es sich z. B. um Daten handeln, die Sie in ein Kontaktformular eingeben Andere Daten werden automatisch oder nach Ihrer Einwilligung beim Besuch der Website durch unsere&nbsp; ITSysteme erfasst. Das sind vor allem technische Daten (z. B. Internetbrowser, Betriebssystem oder Uhrzeit des Seitenaufrufs). Die Erfassung dieser Daten erfolgt automatisch, sobald Sie diese Website betreten.<\/li><li>Wof\u00fcr nutzen wir Ihre Daten? Ein Teil der Daten wird erhoben, um eine fehlerfreie Bereitstellung der Website zu gew\u00e4hrleisten. Andere Daten k\u00f6nnen zur Analyse Ihres Nutzerverhaltens verwendet werden.<\/li><li>Welche Rechte haben Sie bez\u00fcglich Ihrer Daten?Sie haben jederzeit das Recht, unentgeltlich Auskunft \u00fcber Herkunft, Empf\u00e4nger und Zweck Ihrer gespeicherten personenbezogenen Daten zu erhalten. Sie haben au\u00dferdem ein Recht, die Berichtigung oder L\u00f6schung dieser Daten zu verlangen. Wenn Sie eine Einwilligung zur Datenverarbeitung erteilt haben,k\u00f6nnen Sie diese Einwilligung jederzeit f\u00fcr die Zukunft widerrufen. Au\u00dferdem haben Sie das Recht, unter bestimmten Umst\u00e4nden die Einschr\u00e4nkung der Verarbeitung Ihrer personenbezogenen Daten zu verlangen. Des Weiteren steht Ihnen ein Beschwerderecht bei der zust\u00e4ndigen Aufsichtsbeh\u00f6rde zu. Hierzu sowie zu weiteren Fragen zum Thema Datenschutz k\u00f6nnen Sie sich jederzeit an uns wenden.<\/li><li><strong>2. Allgemeine Hinweise und Pflichtinformationen<\/strong><\/li><li><strong>Datenschutz<\/strong><\/li><li>Die Betreiber dieser Seiten nehmen den Schutz Ihrer pers\u00f6nlichen Daten sehr ernst. Wir behandeln Ihre personenbezogenen Daten vertraulich und entsprechend den gesetzlichen Datenschutzvorschriften sowie dieser Datenschutzerkl\u00e4rung.Wenn Sie diese Website benutzen, werden verschiedene personenbezogene Daten erhoben. Personenbezogene Daten sind Daten, mit denen Sie pers\u00f6nlich identifiziert werden k\u00f6nnen. Die vorliegende Datenschutzerkl\u00e4rung erl\u00e4utert, welche Daten wir erheben und wof\u00fcr wir sie nutzen. Sie erl\u00e4utert auch, wie und zu welchem Zweck das geschieht.Wir weisen darauf hin, dass die Daten\u00fcbertragung im Internet (z. B. bei der Kommunikation per E-Mail) Sicherheitsl\u00fccken aufweisen kann. Ein l\u00fcckenloser Schutz der Daten vor dem Zugriff durch Dritte ist nicht m\u00f6glich.<\/li><li>Hinweis zur verantwortlichen Stelle<\/li><li><strong>Die verantwortliche Stelle f\u00fcr die Datenverarbeitung auf dieser Website ist:<\/strong><\/li><li>Jutta (Upasika) Trommsdorff-Breitenborn<\/li><li>Guerickestr. 3<\/li><li>10587 Berlin<\/li><li>Telefon: 0171 2758560<\/li><li>E-Mail: upasika@upasika.de<\/li><li>Verantwortliche Stelle ist die nat\u00fcrliche oder juristische Person, die allein oder gemeinsam mit anderen \u00fcberdie Zwecke und Mittel der Verarbeitung von personenbezogenen Daten (z. B. Namen, E-Mail-Adressen o. \u00c4.) entscheidet.<\/li><li>Speicherdauer Soweit innerhalb dieser Datenschutzerkl\u00e4rung keine speziellere Speicherdauer genannt wurde, verbleiben Ihre personenbezogenen Daten bei uns, bis der Zweck f\u00fcr die Datenverarbeitung entf\u00e4llt. Wenn Sie ein berechtigtes L\u00f6schersuchen geltend machen oder eine Einwilligung zur Datenverarbeitung widerrufen, werden Ihre Daten gel\u00f6scht, sofern wir keine anderen rechtlich zul\u00e4ssigen Gr\u00fcnde f\u00fcr die Speicherung Ihrer personenbezogenen Daten haben (z. B. steuer- oder handelsrechtliche Aufbewahrungsfristen); im letztgenannten Fall erfolgt die L\u00f6schung nach Fortfall dieser Gr\u00fcnde.<\/li><li>Widerruf Ihrer Einwilligung zur Datenverarbeitung Viele Datenverarbeitungsvorg\u00e4nge sind nur mit Ihrer ausdr\u00fccklichen Einwilligung m\u00f6glich. Sie k\u00f6nnen eine bereits erteilte Einwilligung jederzeit widerrufen. Die Rechtm\u00e4\u00dfigkeit der bis zum Widerruf erfolgten Datenverarbeitung bleibt vom Widerruf unber\u00fchrt. Widerspruchsrecht gegen die Datenerhebung in besonderen F\u00e4llen sowie gegen Direktwerbung (Art. 21 DSGVO)<\/li><li><strong>WENN DIE DATENVERARBEITUNG AUF GRUNDLAGE VON ART. 6 <\/strong>ABS. 1 LIT. E ODER F DSGVO ERFOLGT, HABEN SIE JEDERZEIT DAS RECHT, AUS GR\u00dcNDEN, DIE SICH AUS IHRER BESONDEREN SITUATION ERGEBEN, GEGEN DIE VERARBEITUNG IHRER PERSONENBEZOGENEN DATEN WIDERSPRUCH EINZULEGEN; DIES GILT AUCH F\u00dcR EIN AUF DIESE BESTIMMUNGEN GEST\u00dcTZTES PROFILING. DIE JEWEILIGE RECHTSGRUNDLAGE, AUF DENEN EINE VERARBEITUNG BERUHT, ENTNEHMEN SIE DIESER DATENSCHUTZERKL\u00c4RUNG. WENN SIE WIDERSPRUCH EINLEGEN, WERDEN WIR IHRE BETROFFENEN PERSONENBEZOGENEN DATEN NICHT MEHR VERARBEITEN, ES SEI DENN, WIR K\u00d6NNEN ZWINGENDE SCHUTZW\u00dcRDIGE GR\u00dcNDE F\u00dcR DIE VERARBEITUNG NACHWEISEN, DIE IHRE INTERESSEN, RECHTE UND FREIHEITEN \u00dcBERWIEGEN ODER DIE VERARBEITUNG DIENT DER GELTENDMACHUNG, AUS\u00dcBUNG ODER VERTEIDIGUNG VON RECHTSANSPR\u00dcCHEN (WIDERSPRUCH NACH ART. 21 ABS. 1 DSGVO). WERDEN IHRE PERSONENBEZOGENEN DATEN VERARBEITET, UM DIREKTWERBUNG ZU BETREIBEN, SO HABEN SIE DAS RECHT, JEDERZEIT WIDERSPRUCH GEGEN DIE VERARBEITUNG SIE BETREFFENDER PERSONENBEZOGENER DATEN ZUM ZWECKE DERARTIGER WERBUNG EINZULEGEN; DIES GILT AUCH F\u00dcR DAS PROFILING, SOWEIT ES MIT SOLCHER DIREKTWERBUNG IN VERBINDUNG STEHT. WENN SIE WIDERSPRECHEN, WERDEN IHRE PERSONENBEZOGENEN DATEN ANSCHLIESSEND NICHT MEHR ZUM ZWECKE DER DIREKTWERBUNG VERWENDET (WIDERSPRUCH NACH ART. 21 ABS. 2 DSGVO).<\/li><li>Beschwerderecht bei der zust\u00e4ndigen Aufsichtsbeh\u00f6rde Im Falle von Verst\u00f6\u00dfen gegen die DSGVO steht den Betroffenen ein Beschwerderecht bei einer Aufsichtsbeh\u00f6rde, insbesondere in dem Mitgliedstaat ihres gew\u00f6hnlichen Aufenthalts, ihres Arbeitsplatzes oder des Orts des mutma\u00dflichen Versto\u00dfes zu. Das Beschwerderecht besteht unbeschadet anderweitigerverwaltungsrechtlicher oder gerichtlicher Rechtsbehelfe.<\/li><li>Recht auf Daten\u00fcbertragbarkeit Sie haben das Recht, Daten, die wir auf Grundlage Ihrer Einwilligung oder in Erf\u00fcllung eines Vertrags automatisiert verarbeiten, an sich oder an einen Dritten in einem g\u00e4ngigen, maschinenlesbaren Format aush\u00e4ndigen zu lassen. Sofern Sie die direkte \u00dcbertragung der Daten an einen anderen Verantwortlichen verlangen, erfolgt dies nur, soweit es technisch machbar ist.<\/li><li>Auskunft, L\u00f6schung und Berichtigung Sie haben im Rahmen der geltenden gesetzlichen Bestimmungen jederzeit das Recht auf unentgeltliche Auskunft \u00fcber Ihre gespeicherten personenbezogenen Daten, deren Herkunft und Empf\u00e4nger und den Zweck der Datenverarbeitung und ggf. ein Recht auf Berichtigung oder L\u00f6schung dieser Daten. Hierzu sowiezu weiteren Fragen zum Thema personenbezogene Daten k\u00f6nnen Sie sich jederzeit an uns wenden. Recht auf Einschr\u00e4nkung der Verarbeitung<\/li><li>Sie haben das Recht, die Einschr\u00e4nkung der Verarbeitung Ihrer personenbezogenen Daten zu verlangen.Hierzu k\u00f6nnen Sie sich jederzeit an uns wenden. Das Recht auf Einschr\u00e4nkung der Verarbeitung besteht in folgenden F\u00e4llen:Wenn Sie die Richtigkeit Ihrer bei uns gespeicherten personenbezogenen Daten bestreiten, ben\u00f6tigen wir in der Regel Zeit, um dies zu \u00fcberpr\u00fcfen. F\u00fcr die Dauer der Pr\u00fcfung haben Sie das Recht, die Einschr\u00e4nkung der Verarbeitung Ihrer personenbezogenen Daten zu verlangen.<\/li><li>Wenn die Verarbeitung Ihrer personenbezogenen Daten unrechtm\u00e4\u00dfig geschah\/geschieht, k\u00f6nnen Siestatt der L\u00f6schung die Einschr\u00e4nkung der Datenverarbeitung verlangen. Wenn wir Ihre personenbezogenen Daten nicht mehr ben\u00f6tigen, Sie sie jedoch zur Aus\u00fcbung, Verteidigung oder Geltendmachung von Rechtsanspr\u00fcchen ben\u00f6tigen, haben Sie das Recht, statt der<\/li><li><strong>&nbsp;L\u00f6schung die Einschr\u00e4nkung der Verarbeitung Ihrer personenbezogenen Daten<\/strong> zu verlangen. Wenn Sie einen Widerspruch nach Art. 21 Abs. 1 DSGVO eingelegt haben, muss eine Abw\u00e4gung zwischen Ihren und unseren Interessen vorgenommen werden. Solange noch nicht feststeht, wessen Interessen \u00fcberwiegen, haben Sie das Recht, die Einschr\u00e4nkung der Verarbeitung Ihrer personenbezogenen Datenzu verlangen.<\/li><li>Wenn Sie die Verarbeitung Ihrer personenbezogenen Daten eingeschr\u00e4nkt haben, d\u00fcrfen diese Daten \u2013 von ihrer Speicherung abgesehen \u2013 nur mit Ihrer Einwilligung oder zur Geltendmachung, Aus\u00fcbung oder Verteidigung von Rechtsanspr\u00fcchen oder zum Schutz der Rechte einer anderen nat\u00fcrlichen oder juristischen Person oder aus Gr\u00fcnden eines wichtigen \u00f6ffentlichen Interesses der Europ\u00e4ischen Union oder eines Mitgliedstaats verarbeitet werden.<\/li><li>Widerspruch gegen Werbe-E-Mails Der Nutzung von im Rahmen der Impressumspflicht ver\u00f6ffentlichten Kontaktdaten zur \u00dcbersendung von nicht ausdr\u00fccklich angeforderter Werbung und Informationsmaterialien wird hiermit widersprochen. Die Betreiber der Seiten behalten sich ausdr\u00fccklich rechtliche Schritte im Falle der unverlangten Zusendung von Werbeinformationen, etwa durch Spam-E-Mails, vor.<\/li><li><strong>3. Datenerfassung auf dieser Website<\/strong><\/li><li>Anfrage per E-Mail, Telefon oder Telefax Wenn Sie uns per E-Mail, Telefon oder Telefax kontaktieren, wird Ihre Anfrage inklusive aller daraus hervorgehenden personenbezogenen Daten (Name, Anfrage) zum Zwecke der Bearbeitung Ihres Anliegens bei uns gespeichert und verarbeitet. Diese Daten geben wir nicht ohne Ihre Einwilligung weiter. Die Verarbeitung dieser Daten erfolgt auf Grundlage von Art. 6 Abs. 1 lit. b DSGVO, sofern Ihre Anfrage mit der Erf\u00fcllung eines Vertrags zusammenh\u00e4ngt oder zur Durchf\u00fchrung vorvertraglicher Ma\u00dfnahmen erforderlich ist. In allen \u00fcbrigen F\u00e4llen beruht die Verarbeitung auf unserem berechtigten Interesse an der effektiven Bearbeitung der an uns gerichteten Anfragen (Art. 6 Abs. 1 lit. f DSGVO) oder auf Ihrer Einwilligung (Art. 6 Abs. 1 lit. a DSGVO) sofern diese abgefragt wurde. Die von Ihnen an uns per Kontaktanfragen \u00fcbersandten Daten verbleiben bei uns, bis Sie uns zur L\u00f6schung auffordern, Ihre Einwilligung zur Speicherung widerrufen oder der Zweck f\u00fcr die Datenspeicherung entf\u00e4llt (z. B. nach abgeschlossener Bearbeitung Ihres Anliegens). Zwingende gesetzliche Bestimmungen \u2013insbesondere gesetzliche Aufbewahrungsfristen \u2013 bleiben unber\u00fchrt.<\/li><li>Quelle: <a href=\"https:\/\/www.e-recht24.de\">https:\/\/www.e-recht24.<\/a><\/li><\/ul>\n\n\n\n<hr class=\"wp-block-separator\"\/>\n","protected":false},"excerpt":{"rendered":"<p>Meine Webseiten dienen ausschlie\u00dflich der Information meiner Besucher. Ich pers\u00f6nlich sammele keine Daten \u00fcber diese Internetseiten. Wer mit mir in Kontakt treten m\u00f6chte, kann mich \u00fcber die angegebenen Kontaktm\u00f6glichkeiten erreichen. Update 6. November 2021 Impressum Angaben gem\u00e4\u00df \u00a7 5 TMGJutta (Upasika) Trommsdorff-BreitenbornSelbst\u00e4ndigGuerickestr. 310587 BerlinKontaktTelefon: 0171 2758560E-Mail: upasika(at)upasika.deUmsatzsteuer-IDUmsatzsteuer-Identifikationsnummer gem\u00e4\u00df \u00a7 27 a Umsatzsteuergesetz:13\/564\/62798Verbraucherstreitbeilegung\/UniversalschlichtungsstelleWir sind nicht bereit [&hellip;]<\/p>\n","protected":false},"author":1,"featured_media":0,"parent":0,"menu_order":5,"comment_status":"closed","ping_status":"closed","template":"","meta":{"spay_email":"","footnotes":""},"_links":{"self":[{"href":"https:\/\/upasika.de\/index.php?rest_route=\/wp\/v2\/pages\/775"}],"collection":[{"href":"https:\/\/upasika.de\/index.php?rest_route=\/wp\/v2\/pages"}],"about":[{"href":"https:\/\/upasika.de\/index.php?rest_route=\/wp\/v2\/types\/page"}],"author":[{"embeddable":true,"href":"https:\/\/upasika.de\/index.php?rest_route=\/wp\/v2\/users\/1"}],"replies":[{"embeddable":true,"href":"https:\/\/upasika.de\/index.php?rest_route=%2Fwp%2Fv2%2Fcomments&post=775"}],"version-history":[{"count":5,"href":"https:\/\/upasika.de\/index.php?rest_route=\/wp\/v2\/pages\/775\/revisions"}],"predecessor-version":[{"id":946,"href":"https:\/\/upasika.de\/index.php?rest_route=\/wp\/v2\/pages\/775\/revisions\/946"}],"wp:attachment":[{"href":"https:\/\/upasika.de\/index.php?rest_route=%2Fwp%2Fv2%2Fmedia&parent=775"}],"curies":[{"name":"wp","href":"https:\/\/api.w.org\/{rel}","templated":true}]}}